{"id":55565,"date":"2022-01-31T23:38:39","date_gmt":"2022-01-31T22:38:39","guid":{"rendered":"https:\/\/dfg-lfa.org\/?page_id=55565"},"modified":"2025-10-04T13:17:41","modified_gmt":"2025-10-04T11:17:41","slug":"schulbegleithund-am-dfg","status":"publish","type":"page","link":"https:\/\/dfg-lfa.org\/fr\/unterricht\/schulbegleithund-am-dfg\/","title":{"rendered":"Chien d&rsquo;accompagnement scolaire au LFA"},"content":{"rendered":"<p><strong><a href=\"https:\/\/dfg-lfa.org\/wp-content\/uploads\/IMG_7128.jpeg\"><img loading=\"lazy\" decoding=\"async\" class=\"alignleft size-medium wp-image-55415\" src=\"https:\/\/dfg-lfa.org\/wp-content\/uploads\/IMG_7128-225x300.jpeg\" alt=\"\" width=\"225\" height=\"300\" srcset=\"https:\/\/dfg-lfa.org\/wp-content\/uploads\/IMG_7128-225x300.jpeg 225w, https:\/\/dfg-lfa.org\/wp-content\/uploads\/IMG_7128-113x150.jpeg 113w, https:\/\/dfg-lfa.org\/wp-content\/uploads\/IMG_7128-150x200.jpeg 150w, https:\/\/dfg-lfa.org\/wp-content\/uploads\/IMG_7128.jpeg 480w\" sizes=\"auto, (max-width: 225px) 100vw, 225px\" \/><\/a><\/strong><strong>Timmy, chien d&rsquo;accompagnement scolaire, se pr\u00e9sente :<\/strong><\/p>\n<p>Bonjour !<\/p>\n<p>Je m&rsquo;appelle Timmy, en fait \u00ab\u00a0Sean-Timmy vom Taffingsweiher\u00a0\u00bb, mais ce nom est trop compliqu\u00e9 pour moi. Je suis un vrai Golden Retriever et je suis n\u00e9 le 05.02.2020 \u00e0 Sarrelouis. Depuis l&rsquo;\u00e2ge de huit semaines, j&rsquo;habite chez la famille de Mme Burg. Depuis novembre 2021, je travaille avec beaucoup d&rsquo;enthousiasme comme chien d&rsquo;accompagnement scolaire au LFA.<\/p>\n<p>Ma ma\u00eetresse enseigne l&rsquo;allemand et le sport depuis plus de 20 ans et a pu m&rsquo;apprendre toutes les astuces utiles \u00e0 l&rsquo;\u00e9cole. C&rsquo;est vrai que le LFA est une grande \u00e9cole et qu&rsquo;il y a beaucoup de gens, d&rsquo;odeurs et de bruits auxquels j&rsquo;ai d&rsquo;abord d\u00fb m&rsquo;habituer. Mais maintenant, je suis un pro et j&rsquo;ai les nerfs solides. Cela a \u00e9t\u00e9 v\u00e9rifi\u00e9 lors d&rsquo;un \u00ab\u00a0test de caract\u00e8re\u00a0\u00bb. Seuls les chiens qui sont tr\u00e8s d\u00e9tendus et qui restent cool en toute situation peuvent travailler dans une \u00e9cole. La formation \u00e9tait tr\u00e8s compl\u00e8te, elle a dur\u00e9 une ann\u00e9e scolaire enti\u00e8re et s&rsquo;est termin\u00e9e par un examen pour ma ma\u00eetresse et moi.<\/p>\n<p>Mon hobby est chercher et rapporter. Je rapporte toutes sortes d&rsquo;objets \u00e0 mes ma\u00eetres avec enthousiasme. J&rsquo;ai cela dans le sang et c&rsquo;est m\u00eame pour cela que j&rsquo;ai \u00e9t\u00e9 nomm\u00e9 : \u00ab\u00a0retrieve\u00a0\u00bb; c&rsquo;est en effet le mot anglais pour \u00ab\u00a0ramener\u00a0\u00bb.<\/p>\n<p>Comme nous, les chiens, sentons si bien, ma ma\u00eetresse me fait chercher de toutes petites choses, comme un grain de caf\u00e9 par exemple. En outre, je suis un vrai rat d&rsquo;eau. Mais c&rsquo;est \u00e9vident, car j&rsquo;ai \u00e9t\u00e9 \u00e9lev\u00e9 pour le travail dans l&rsquo;eau.<\/p>\n<p>J&rsquo;aime les c\u00e2lins et les papouilles, une fois que j&rsquo;ai fait votre connaissance et que ma ma\u00eetresse a donn\u00e9 son accord. Pour faire connaissance, je me sers de mon nez et je commence par sentir votre main. Quand vous me grattez le cou, j&rsquo;appr\u00e9cie beaucoup. Si c&rsquo;est particuli\u00e8rement agr\u00e9able, je me couche sur le dos et je me laisse aussi gratter le ventre.<\/p>\n<p>Il y a aussi des choses que nous, les chiens, n&rsquo;aimons pas trop, par exemple lorsque quelqu&rsquo;un se pr\u00e9cipite vers nous et se penche sur nous ou nous tapote la t\u00eate par en haut. Nous trouvons cela impoli et cela nous fait parfois peur. Il ne faut pas non plus nous attraper par derri\u00e8re, car cela nous effraie. Mais cela vous arriverait probablement aussi \u00e0 vous, les enfants.<\/p>\n<p>Lorsqu&rsquo;une personne s&rsquo;accroupit devant nous et nous tend la main, nous, les chiens, sommes mis rapidement en confiance et nous nous r\u00e9jouissons.<\/p>\n<p>J&rsquo;aime beaucoup les gens, surtout les jeunes. Chez moi, dans ma famille, il y a aussi des enfants, donc je connais d\u00e9j\u00e0 bien les enfants.<\/p>\n<p>Je trouve le travail \u00e0 l&rsquo;\u00e9cole particuli\u00e8rement passionnant. Le matin, lorsque ma ma\u00eetresse m&rsquo;attache le foulard de l&rsquo;\u00e9cole, je sais d\u00e9j\u00e0 que \u00e7a y est, ca commence !<\/p>\n<p>Je peux d\u00e9tendre une classe gr\u00e2ce \u00e0 mon attitude calme. Tout le monde devient alors silencieux et se concentre mieux. Et si un enfant ne se sent pas tr\u00e8s bien, j&rsquo;aime le consoler et l&rsquo;\u00e9couter.<\/p>\n<p>J&rsquo;aime aussi aider ma ma\u00eetresse \u00e0 enseigner : je distribue des documents et des devoirs, je vous dis si votre r\u00e9ponse est correcte, je lance de nouveaux devoirs ou je vous demande les \u00e9l\u00e9ments de la phrase en allemand. Bien s\u00fbr, j&rsquo;aime aussi \u00eatre dehors avec vous, faire des randonn\u00e9es ou jouer.<\/p>\n<p><strong>Madame Burg se pr\u00e9sente :<\/strong><\/p>\n<p><img loading=\"lazy\" decoding=\"async\" class=\"alignright size-medium wp-image-58483\" src=\"https:\/\/dfg-lfa.org\/wp-content\/uploads\/Bild1-5-225x300.jpg\" alt=\"Frau Burg\" width=\"225\" height=\"300\" srcset=\"https:\/\/dfg-lfa.org\/wp-content\/uploads\/Bild1-5-225x300.jpg 225w, https:\/\/dfg-lfa.org\/wp-content\/uploads\/Bild1-5-113x150.jpg 113w, https:\/\/dfg-lfa.org\/wp-content\/uploads\/Bild1-5-150x200.jpg 150w, https:\/\/dfg-lfa.org\/wp-content\/uploads\/Bild1-5.jpg 691w\" sizes=\"auto, (max-width: 225px) 100vw, 225px\" \/>Je m&rsquo;appelle Petra Burg. Timmy vit avec moi et ma famille.<\/p>\n<p>J&rsquo;ai grandi avec des animaux de toutes sortes et Timmy est mon premier chien, qui me soutient \u00e9galement dans mon travail avec les enfants.<\/p>\n<p>J&rsquo;ai \u00e9tudi\u00e9 l&rsquo;allemand et le sport pour devenir professeur et je suis dipl\u00f4m\u00e9e en sciences du sport (sport de sant\u00e9 et de pr\u00e9vention) \u00e0 Sarrebruck. Depuis plus de dix ans, j&rsquo;enseigne au Lyc\u00e9e franco-allemand. C&rsquo;est l\u00e0 que Timmy intervient et assure par sa pr\u00e9sence une atmosph\u00e8re d&rsquo;apprentissage agr\u00e9able. La p\u00e9dagogie assist\u00e9e par l&rsquo;animal n&rsquo;est pas seulement amusante, elle conduit \u00e0 de plus grands succ\u00e8s d&rsquo;apprentissage et favorise la coh\u00e9sion de la classe.<\/p>\n<p>Comme j&rsquo;adore la nature et que j&rsquo;aime bouger, un chien est un compagnon id\u00e9al! L&rsquo;entra\u00eenement \u00e0 rapporter des objets est notre hobby commun &#8211; nous sommes une \u00e9quipe bien rod\u00e9e dans ce domaine. Chaque jour, nous faisons aussi des tours de v\u00e9lo ensemble.<\/p>\n<p><a href=\"https:\/\/www.taskcards.de\/#\/board\/a252e3cc-7b9f-499b-8bf8-0eb9ef1bdfe0\/view?token=ae80622a-29f4-4180-aa91-8846e8b0529e\"><strong>\u00bb plus d&rsquo;informations<\/strong><\/a><\/p>\n<div class=\"shariff shariff-align-left shariff-widget-align-left shariff-buttonstretch\" style=\"display:none\"><ul class=\"shariff-buttons theme-white orientation-horizontal buttonsize-medium\"><li class=\"shariff-button facebook shariff-nocustomcolor\" style=\"background-color:#4273c8\"><a href=\"https:\/\/www.facebook.com\/sharer\/sharer.php?u=https%3A%2F%2Fdfg-lfa.org%2Ffr%2Funterricht%2Fschulbegleithund-am-dfg%2F\" title=\"Envoyer par Facebook\" aria-label=\"Envoyer par Facebook\" role=\"button\" rel=\"nofollow\" class=\"shariff-link\" style=\"; background-color:#3b5998; color:#3b5998\" target=\"_blank\"><span class=\"shariff-icon\" style=\"fill:#3b5998\"><svg width=\"32px\" height=\"20px\" xmlns=\"http:\/\/www.w3.org\/2000\/svg\" viewBox=\"0 0 18 32\"><path fill=\"#3b5998\" d=\"M17.1 0.2v4.7h-2.8q-1.5 0-2.1 0.6t-0.5 1.9v3.4h5.2l-0.7 5.3h-4.5v13.6h-5.5v-13.6h-4.5v-5.3h4.5v-3.9q0-3.3 1.9-5.2t5-1.8q2.6 0 4.1 0.2z\"\/><\/svg><\/span><span class=\"shariff-text\" style=\"color:#3b5998\">partager<\/span>&nbsp;<\/a><\/li><li class=\"shariff-button whatsapp shariff-nocustomcolor\" style=\"background-color:#5cbe4a\"><a href=\"https:\/\/api.whatsapp.com\/send?text=https%3A%2F%2Fdfg-lfa.org%2Ffr%2Funterricht%2Fschulbegleithund-am-dfg%2F%20Chien%20d%E2%80%99accompagnement%20scolaire%20au%20LFA\" title=\"Envoyer par Whatsapp\" aria-label=\"Envoyer par Whatsapp\" role=\"button\" rel=\"noopener nofollow\" class=\"shariff-link\" style=\"; background-color:#34af23; color:#34af23\" target=\"_blank\"><span class=\"shariff-icon\" style=\"fill:#34af23\"><svg width=\"32px\" height=\"20px\" xmlns=\"http:\/\/www.w3.org\/2000\/svg\" viewBox=\"0 0 32 32\"><path fill=\"#34af23\" d=\"M17.6 17.4q0.2 0 1.7 0.8t1.6 0.9q0 0.1 0 0.3 0 0.6-0.3 1.4-0.3 0.7-1.3 1.2t-1.8 0.5q-1 0-3.4-1.1-1.7-0.8-3-2.1t-2.6-3.3q-1.3-1.9-1.3-3.5v-0.1q0.1-1.6 1.3-2.8 0.4-0.4 0.9-0.4 0.1 0 0.3 0t0.3 0q0.3 0 0.5 0.1t0.3 0.5q0.1 0.4 0.6 1.6t0.4 1.3q0 0.4-0.6 1t-0.6 0.8q0 0.1 0.1 0.3 0.6 1.3 1.8 2.4 1 0.9 2.7 1.8 0.2 0.1 0.4 0.1 0.3 0 1-0.9t0.9-0.9zM14 26.9q2.3 0 4.3-0.9t3.6-2.4 2.4-3.6 0.9-4.3-0.9-4.3-2.4-3.6-3.6-2.4-4.3-0.9-4.3 0.9-3.6 2.4-2.4 3.6-0.9 4.3q0 3.6 2.1 6.6l-1.4 4.2 4.3-1.4q2.8 1.9 6.2 1.9zM14 2.2q2.7 0 5.2 1.1t4.3 2.9 2.9 4.3 1.1 5.2-1.1 5.2-2.9 4.3-4.3 2.9-5.2 1.1q-3.5 0-6.5-1.7l-7.4 2.4 2.4-7.2q-1.9-3.2-1.9-6.9 0-2.7 1.1-5.2t2.9-4.3 4.3-2.9 5.2-1.1z\"\/><\/svg><\/span><span class=\"shariff-text\" style=\"color:#34af23\">partager<\/span>&nbsp;<\/a><\/li><li class=\"shariff-button threema shariff-nocustomcolor shariff-mobile\" style=\"background-color:#4fbc24\"><a href=\"threema:\/\/compose?text=Chien%20d%E2%80%99accompagnement%20scolaire%20au%20LFA%20https%3A%2F%2Fdfg-lfa.org%2Ffr%2Funterricht%2Fschulbegleithund-am-dfg%2F\" title=\"Envoyer par Threema\" aria-label=\"Envoyer par Threema\" role=\"button\" rel=\"noopener nofollow\" class=\"shariff-link\" style=\"; background-color:#1f1f1f; color:#1f1f1f\" target=\"_blank\"><span class=\"shariff-icon\" style=\"fill:#1f1f1f\"><svg width=\"32px\" height=\"20px\" xmlns=\"http:\/\/www.w3.org\/2000\/svg\" viewBox=\"0 0 32 32\"><path fill=\"#1f1f1f\" d=\"M30.8 10.9c-0.3-1.4-0.9-2.6-1.8-3.8-2-2.6-5.5-4.5-9.4-5.2-1.3-0.2-1.9-0.3-3.5-0.3s-2.2 0-3.5 0.3c-4 0.7-7.4 2.6-9.4 5.2-0.9 1.2-1.5 2.4-1.8 3.8-0.1 0.5-0.2 1.2-0.2 1.6 0 0.4 0.1 1.1 0.2 1.6 0.4 1.9 1.3 3.4 2.9 5 0.8 0.8 0.8 0.8 0.7 1.3 0 0.6-0.5 1.6-1.7 3.6-0.3 0.5-0.5 0.9-0.5 0.9 0 0.1 0.1 0.1 0.5 0 0.8-0.2 2.3-0.6 5.6-1.6 1.1-0.3 1.3-0.4 2.3-0.4 0.8 0 1.1 0 2.3 0.2 1.5 0.2 3.5 0.2 4.9 0 5.1-0.6 9.3-2.9 11.4-6.3 0.5-0.9 0.9-1.8 1.1-2.8 0.1-0.5 0.2-1.1 0.2-1.6 0-0.7-0.1-1.1-0.2-1.6-0.3-1.4 0.1 0.5 0 0zM20.6 17.3c0 0.4-0.4 0.8-0.8 0.8h-7.7c-0.4 0-0.8-0.4-0.8-0.8v-4.6c0-0.4 0.4-0.8 0.8-0.8h0.2l0-1.6c0-0.9 0-1.8 0.1-2 0.1-0.6 0.6-1.2 1.1-1.7s1.1-0.7 1.9-0.8c1.8-0.3 3.7 0.7 4.2 2.2 0.1 0.3 0.1 0.7 0.1 2.1v0 1.7h0.1c0.4 0 0.8 0.4 0.8 0.8v4.6zM15.6 7.3c-0.5 0.1-0.8 0.3-1.2 0.6s-0.6 0.8-0.7 1.3c0 0.2 0 0.8 0 1.5l0 1.2h4.6v-1.3c0-1 0-1.4-0.1-1.6-0.3-1.1-1.5-1.9-2.6-1.7zM25.8 28.2c0 1.2-1 2.2-2.1 2.2s-2.1-1-2.1-2.1c0-1.2 1-2.1 2.2-2.1s2.2 1 2.2 2.2zM18.1 28.2c0 1.2-1 2.2-2.1 2.2s-2.1-1-2.1-2.1c0-1.2 1-2.1 2.2-2.1s2.2 1 2.2 2.2zM10.4 28.2c0 1.2-1 2.2-2.1 2.2s-2.1-1-2.1-2.1c0-1.2 1-2.1 2.2-2.1s2.2 1 2.2 2.2z\"\/><\/svg><\/span><span class=\"shariff-text\" style=\"color:#1f1f1f\">partager<\/span>&nbsp;<\/a><\/li><li class=\"shariff-button mastodon shariff-nocustomcolor\" style=\"background-color:#563ACC\"><a href=\"https:\/\/s2f.kytta.dev\/?text=Chien%20d%E2%80%99accompagnement%20scolaire%20au%20LFA https%3A%2F%2Fdfg-lfa.org%2Ffr%2Funterricht%2Fschulbegleithund-am-dfg%2F\" title=\"Envoyer par Mastodon\" aria-label=\"Envoyer par Mastodon\" role=\"button\" rel=\"noopener nofollow\" class=\"shariff-link\" style=\"; background-color:#6364FF; color:#6364FF\" target=\"_blank\"><span class=\"shariff-icon\" style=\"fill:#6364FF\"><svg width=\"75\" height=\"79\" viewBox=\"0 0 75 79\" fill=\"none\" xmlns=\"http:\/\/www.w3.org\/2000\/svg\"><path d=\"M37.813-.025C32.462-.058 27.114.13 21.79.598c-8.544.621-17.214 5.58-20.203 13.931C-1.12 23.318.408 32.622.465 41.65c.375 7.316.943 14.78 3.392 21.73 4.365 9.465 14.781 14.537 24.782 15.385 7.64.698 15.761-.213 22.517-4.026a54.1 54.1 0 0 0 .01-6.232c-6.855 1.316-14.101 2.609-21.049 1.074-3.883-.88-6.876-4.237-7.25-8.215-1.53-3.988 3.78-.43 5.584-.883 9.048 1.224 18.282.776 27.303-.462 7.044-.837 14.26-4.788 16.65-11.833 2.263-6.135 1.215-12.79 1.698-19.177.06-3.84.09-7.692-.262-11.52C72.596 7.844 63.223.981 53.834.684a219.453 219.453 0 0 0-16.022-.71zm11.294 12.882c5.5-.067 10.801 4.143 11.67 9.653.338 1.48.471 3 .471 4.515v21.088h-8.357c-.07-7.588.153-15.182-.131-22.765-.587-4.368-7.04-5.747-9.672-2.397-2.422 3.04-1.47 7.155-1.67 10.735v6.392h-8.307c-.146-4.996.359-10.045-.404-15.002-1.108-4.218-7.809-5.565-10.094-1.666-1.685 3.046-.712 6.634-.976 9.936v14.767h-8.354c.109-8.165-.238-16.344.215-24.5.674-5.346 5.095-10.389 10.676-10.627 4.902-.739 10.103 2.038 12.053 6.631.375 1.435 1.76 1.932 1.994.084 1.844-3.704 5.501-6.739 9.785-6.771.367-.044.735-.068 1.101-.073z\"\/><defs><linearGradient id=\"paint0_linear_549_34\" x1=\"37.0692\" y1=\"0\" x2=\"37.0692\" y2=\"79\" gradientUnits=\"userSpaceOnUse\"><stop stop-color=\"#6364FF\"\/><stop offset=\"1\" stop-color=\"#563ACC\"\/><\/linearGradient><\/defs><\/svg><\/span><span class=\"shariff-text\" style=\"color:#6364FF\">partager<\/span>&nbsp;<\/a><\/li><li class=\"shariff-button mailto shariff-nocustomcolor\" style=\"background-color:#a8a8a8\"><a href=\"mailto:?body=https%3A%2F%2Fdfg-lfa.org%2Ffr%2Funterricht%2Fschulbegleithund-am-dfg%2F&subject=Chien%20d%E2%80%99accompagnement%20scolaire%20au%20LFA\" title=\"Envoyer par courriel\" aria-label=\"Envoyer par courriel\" role=\"button\" rel=\"noopener nofollow\" class=\"shariff-link\" style=\"; background-color:#999; color:#999\"><span class=\"shariff-icon\" style=\"fill:#999\"><svg width=\"32px\" height=\"20px\" xmlns=\"http:\/\/www.w3.org\/2000\/svg\" viewBox=\"0 0 32 32\"><path fill=\"#999\" d=\"M32 12.7v14.2q0 1.2-0.8 2t-2 0.9h-26.3q-1.2 0-2-0.9t-0.8-2v-14.2q0.8 0.9 1.8 1.6 6.5 4.4 8.9 6.1 1 0.8 1.6 1.2t1.7 0.9 2 0.4h0.1q0.9 0 2-0.4t1.7-0.9 1.6-1.2q3-2.2 8.9-6.1 1-0.7 1.8-1.6zM32 7.4q0 1.4-0.9 2.7t-2.2 2.2q-6.7 4.7-8.4 5.8-0.2 0.1-0.7 0.5t-1 0.7-0.9 0.6-1.1 0.5-0.9 0.2h-0.1q-0.4 0-0.9-0.2t-1.1-0.5-0.9-0.6-1-0.7-0.7-0.5q-1.6-1.1-4.7-3.2t-3.6-2.6q-1.1-0.7-2.1-2t-1-2.5q0-1.4 0.7-2.3t2.1-0.9h26.3q1.2 0 2 0.8t0.9 2z\"\/><\/svg><\/span><span class=\"shariff-text\" style=\"color:#999\">courriel<\/span>&nbsp;<\/a><\/li><li class=\"shariff-button info shariff-nocustomcolor\" style=\"background-color:#a8a8a8\"><a href=\"http:\/\/ct.de\/-2467514\" title=\"Datenschutz-Infos\" aria-label=\"Datenschutz-Infos\" role=\"button\" rel=\"noopener \" class=\"shariff-link\" style=\"; background-color:#999; color:#999\" target=\"_blank\"><span class=\"shariff-icon\" style=\"fill:#999\"><svg width=\"32px\" height=\"20px\" xmlns=\"http:\/\/www.w3.org\/2000\/svg\" viewBox=\"0 0 11 32\"><path fill=\"#999\" d=\"M11.4 24v2.3q0 0.5-0.3 0.8t-0.8 0.4h-9.1q-0.5 0-0.8-0.4t-0.4-0.8v-2.3q0-0.5 0.4-0.8t0.8-0.4h1.1v-6.8h-1.1q-0.5 0-0.8-0.4t-0.4-0.8v-2.3q0-0.5 0.4-0.8t0.8-0.4h6.8q0.5 0 0.8 0.4t0.4 0.8v10.3h1.1q0.5 0 0.8 0.4t0.3 0.8zM9.2 3.4v3.4q0 0.5-0.4 0.8t-0.8 0.4h-4.6q-0.4 0-0.8-0.4t-0.4-0.8v-3.4q0-0.4 0.4-0.8t0.8-0.4h4.6q0.5 0 0.8 0.4t0.4 0.8z\"\/><\/svg><\/span><\/a><\/li><\/ul><\/div>","protected":false},"excerpt":{"rendered":"<p>Timmy, chien d&rsquo;accompagnement scolaire, se pr\u00e9sente : Bonjour ! Je m&rsquo;appelle Timmy, en fait \u00ab\u00a0Sean-Timmy vom Taffingsweiher\u00a0\u00bb, mais ce nom est trop compliqu\u00e9 pour moi. Je suis un vrai Golden Retriever et je suis n\u00e9 le 05.02.2020 \u00e0 Sarrelouis. Depuis l&rsquo;\u00e2ge de huit semaines, j&rsquo;habite chez la famille de Mme &hellip;<\/p>\n","protected":false},"author":2,"featured_media":55422,"parent":424,"menu_order":0,"comment_status":"closed","ping_status":"closed","template":"","meta":{"inline_featured_image":false,"_mc_calendar":[],"footnotes":""},"class_list":["post-55565","page","type-page","status-publish","has-post-thumbnail","hentry"],"yoast_head":"<!-- This site is optimized with the Yoast SEO plugin v27.5 - https:\/\/yoast.com\/product\/yoast-seo-wordpress\/ -->\n<title>Chien d&#039;accompagnement scolaire au LFA - Lyc\u00e9e Franco-Allemand de Sarrebruck<\/title>\n<meta name=\"robots\" content=\"index, follow, max-snippet:-1, max-image-preview:large, max-video-preview:-1\" \/>\n<link rel=\"canonical\" href=\"https:\/\/dfg-lfa.org\/fr\/unterricht\/schulbegleithund-am-dfg\/\" \/>\n<meta property=\"og:locale\" content=\"fr_FR\" \/>\n<meta property=\"og:type\" content=\"article\" \/>\n<meta property=\"og:title\" content=\"Chien d&#039;accompagnement scolaire au LFA - Lyc\u00e9e Franco-Allemand de Sarrebruck\" \/>\n<meta property=\"og:description\" content=\"Timmy, chien d&rsquo;accompagnement scolaire, se pr\u00e9sente : Bonjour ! Je m&rsquo;appelle Timmy, en fait \u00ab\u00a0Sean-Timmy vom Taffingsweiher\u00a0\u00bb, mais ce nom est trop compliqu\u00e9 pour moi. Je suis un vrai Golden Retriever et je suis n\u00e9 le 05.02.2020 \u00e0 Sarrelouis. Depuis l&rsquo;\u00e2ge de huit semaines, j&rsquo;habite chez la famille de Mme &hellip;\" \/>\n<meta property=\"og:url\" content=\"https:\/\/dfg-lfa.org\/fr\/unterricht\/schulbegleithund-am-dfg\/\" \/>\n<meta property=\"og:site_name\" content=\"Lyc\u00e9e Franco-Allemand de Sarrebruck\" \/>\n<meta property=\"article:publisher\" content=\"https:\/\/www.facebook.com\/dfglfa\/\" \/>\n<meta property=\"article:modified_time\" content=\"2025-10-04T11:17:41+00:00\" \/>\n<meta property=\"og:image\" content=\"https:\/\/dfg-lfa.org\/wp-content\/uploads\/b95498af-e593-41c4-838c-575ae6d791ec-1.jpg\" \/>\n\t<meta property=\"og:image:width\" content=\"1920\" \/>\n\t<meta property=\"og:image:height\" content=\"1080\" \/>\n\t<meta property=\"og:image:type\" content=\"image\/jpeg\" \/>\n<meta name=\"twitter:card\" content=\"summary_large_image\" \/>\n<meta name=\"twitter:site\" content=\"@DFGLFA\" \/>\n<meta name=\"twitter:label1\" content=\"Dur\u00e9e de lecture estim\u00e9e\" \/>\n\t<meta name=\"twitter:data1\" content=\"5 minutes\" \/>\n<script type=\"application\/ld+json\" class=\"yoast-schema-graph\">{\"@context\":\"https:\\\/\\\/schema.org\",\"@graph\":[{\"@type\":\"WebPage\",\"@id\":\"https:\\\/\\\/dfg-lfa.org\\\/fr\\\/unterricht\\\/schulbegleithund-am-dfg\\\/\",\"url\":\"https:\\\/\\\/dfg-lfa.org\\\/fr\\\/unterricht\\\/schulbegleithund-am-dfg\\\/\",\"name\":\"Chien d'accompagnement scolaire au LFA - Lyc\u00e9e Franco-Allemand de Sarrebruck\",\"isPartOf\":{\"@id\":\"https:\\\/\\\/dfg-lfa.org\\\/fr\\\/#website\"},\"primaryImageOfPage\":{\"@id\":\"https:\\\/\\\/dfg-lfa.org\\\/fr\\\/unterricht\\\/schulbegleithund-am-dfg\\\/#primaryimage\"},\"image\":{\"@id\":\"https:\\\/\\\/dfg-lfa.org\\\/unterricht\\\/schulbegleithund-am-dfg\\\/#primaryimage\"},\"thumbnailUrl\":\"https:\\\/\\\/dfg-lfa.org\\\/wp-content\\\/uploads\\\/b95498af-e593-41c4-838c-575ae6d791ec-1.jpg\",\"datePublished\":\"2022-01-31T22:38:39+00:00\",\"dateModified\":\"2025-10-04T11:17:41+00:00\",\"breadcrumb\":{\"@id\":\"https:\\\/\\\/dfg-lfa.org\\\/fr\\\/unterricht\\\/schulbegleithund-am-dfg\\\/#breadcrumb\"},\"inLanguage\":\"fr-FR\",\"potentialAction\":[{\"@type\":\"ReadAction\",\"target\":[[\"https:\\\/\\\/dfg-lfa.org\\\/fr\\\/unterricht\\\/schulbegleithund-am-dfg\\\/\"]]}]},{\"@type\":\"ImageObject\",\"inLanguage\":\"fr-FR\",\"@id\":\"https:\\\/\\\/dfg-lfa.org\\\/fr\\\/unterricht\\\/schulbegleithund-am-dfg\\\/#primaryimage\",\"url\":\"https:\\\/\\\/dfg-lfa.org\\\/wp-content\\\/uploads\\\/b95498af-e593-41c4-838c-575ae6d791ec-1.jpg\",\"contentUrl\":\"https:\\\/\\\/dfg-lfa.org\\\/wp-content\\\/uploads\\\/b95498af-e593-41c4-838c-575ae6d791ec-1.jpg\",\"width\":1920,\"height\":1080,\"caption\":\"Schulbegleithund\"},{\"@type\":\"BreadcrumbList\",\"@id\":\"https:\\\/\\\/dfg-lfa.org\\\/fr\\\/unterricht\\\/schulbegleithund-am-dfg\\\/#breadcrumb\",\"itemListElement\":[{\"@type\":\"ListItem\",\"position\":1,\"name\":\"Startseite\",\"item\":\"https:\\\/\\\/dfg-lfa.org\\\/fr\\\/\"},{\"@type\":\"ListItem\",\"position\":2,\"name\":\"AGs &#038; Projekte\",\"item\":\"https:\\\/\\\/dfg-lfa.org\\\/fr\\\/unterricht\\\/\"},{\"@type\":\"ListItem\",\"position\":3,\"name\":\"Schulbegleithund am DFG\"}]},{\"@type\":\"WebSite\",\"@id\":\"https:\\\/\\\/dfg-lfa.org\\\/fr\\\/#website\",\"url\":\"https:\\\/\\\/dfg-lfa.org\\\/fr\\\/\",\"name\":\"Lyc\u00e9e Franco-Allemand de Sarrebruck\",\"description\":\"Einander begegnen \u2013 Avancer ensemble \u2013 We make Europe happen\",\"publisher\":{\"@id\":\"https:\\\/\\\/dfg-lfa.org\\\/fr\\\/#organization\"},\"potentialAction\":[{\"@type\":\"SearchAction\",\"target\":{\"@type\":\"EntryPoint\",\"urlTemplate\":\"https:\\\/\\\/dfg-lfa.org\\\/fr\\\/?s={search_term_string}\"},\"query-input\":{\"@type\":\"PropertyValueSpecification\",\"valueRequired\":true,\"valueName\":\"search_term_string\"}}],\"inLanguage\":\"fr-FR\"},{\"@type\":\"Organization\",\"@id\":\"https:\\\/\\\/dfg-lfa.org\\\/fr\\\/#organization\",\"name\":\"Deutsch-Franz\u00f6sisches Gymnasium Saarbr\u00fccken\",\"url\":\"https:\\\/\\\/dfg-lfa.org\\\/fr\\\/\",\"logo\":{\"@type\":\"ImageObject\",\"inLanguage\":\"fr-FR\",\"@id\":\"https:\\\/\\\/dfg-lfa.org\\\/fr\\\/#\\\/schema\\\/logo\\\/image\\\/\",\"url\":\"https:\\\/\\\/dfg-lfa.org\\\/wp-content\\\/uploads\\\/DFG-logo.png\",\"contentUrl\":\"https:\\\/\\\/dfg-lfa.org\\\/wp-content\\\/uploads\\\/DFG-logo.png\",\"width\":200,\"height\":77,\"caption\":\"Deutsch-Franz\u00f6sisches Gymnasium Saarbr\u00fccken\"},\"image\":{\"@id\":\"https:\\\/\\\/dfg-lfa.org\\\/fr\\\/#\\\/schema\\\/logo\\\/image\\\/\"},\"sameAs\":[\"https:\\\/\\\/www.facebook.com\\\/dfglfa\\\/\",\"https:\\\/\\\/x.com\\\/DFGLFA\",\"https:\\\/\\\/www.instagram.com\\\/dfg_lfa_saarbruecken\\\/\",\"https:\\\/\\\/www.youtube.com\\\/channel\\\/UCoxV4_gnJ3blV1U7iOjCV7w\\\/\",\"https:\\\/\\\/de.wikipedia.org\\\/wiki\\\/Deutsch-Franz\u00f6sisches_Gymnasium_in_Saarbr\u00fccken\"]}]}<\/script>\n<!-- \/ Yoast SEO plugin. -->","yoast_head_json":{"title":"Chien d'accompagnement scolaire au LFA - Lyc\u00e9e Franco-Allemand de Sarrebruck","robots":{"index":"index","follow":"follow","max-snippet":"max-snippet:-1","max-image-preview":"max-image-preview:large","max-video-preview":"max-video-preview:-1"},"canonical":"https:\/\/dfg-lfa.org\/fr\/unterricht\/schulbegleithund-am-dfg\/","og_locale":"fr_FR","og_type":"article","og_title":"Chien d'accompagnement scolaire au LFA - Lyc\u00e9e Franco-Allemand de Sarrebruck","og_description":"Timmy, chien d&rsquo;accompagnement scolaire, se pr\u00e9sente : Bonjour ! Je m&rsquo;appelle Timmy, en fait \u00ab\u00a0Sean-Timmy vom Taffingsweiher\u00a0\u00bb, mais ce nom est trop compliqu\u00e9 pour moi. Je suis un vrai Golden Retriever et je suis n\u00e9 le 05.02.2020 \u00e0 Sarrelouis. Depuis l&rsquo;\u00e2ge de huit semaines, j&rsquo;habite chez la famille de Mme &hellip;","og_url":"https:\/\/dfg-lfa.org\/fr\/unterricht\/schulbegleithund-am-dfg\/","og_site_name":"Lyc\u00e9e Franco-Allemand de Sarrebruck","article_publisher":"https:\/\/www.facebook.com\/dfglfa\/","article_modified_time":"2025-10-04T11:17:41+00:00","og_image":[{"width":1920,"height":1080,"url":"https:\/\/dfg-lfa.org\/wp-content\/uploads\/b95498af-e593-41c4-838c-575ae6d791ec-1.jpg","type":"image\/jpeg"}],"twitter_card":"summary_large_image","twitter_site":"@DFGLFA","twitter_misc":{"Dur\u00e9e de lecture estim\u00e9e":"5 minutes"},"schema":{"@context":"https:\/\/schema.org","@graph":[{"@type":"WebPage","@id":"https:\/\/dfg-lfa.org\/fr\/unterricht\/schulbegleithund-am-dfg\/","url":"https:\/\/dfg-lfa.org\/fr\/unterricht\/schulbegleithund-am-dfg\/","name":"Chien d'accompagnement scolaire au LFA - Lyc\u00e9e Franco-Allemand de Sarrebruck","isPartOf":{"@id":"https:\/\/dfg-lfa.org\/fr\/#website"},"primaryImageOfPage":{"@id":"https:\/\/dfg-lfa.org\/fr\/unterricht\/schulbegleithund-am-dfg\/#primaryimage"},"image":{"@id":"https:\/\/dfg-lfa.org\/unterricht\/schulbegleithund-am-dfg\/#primaryimage"},"thumbnailUrl":"https:\/\/dfg-lfa.org\/wp-content\/uploads\/b95498af-e593-41c4-838c-575ae6d791ec-1.jpg","datePublished":"2022-01-31T22:38:39+00:00","dateModified":"2025-10-04T11:17:41+00:00","breadcrumb":{"@id":"https:\/\/dfg-lfa.org\/fr\/unterricht\/schulbegleithund-am-dfg\/#breadcrumb"},"inLanguage":"fr-FR","potentialAction":[{"@type":"ReadAction","target":[["https:\/\/dfg-lfa.org\/fr\/unterricht\/schulbegleithund-am-dfg\/"]]}]},{"@type":"ImageObject","inLanguage":"fr-FR","@id":"https:\/\/dfg-lfa.org\/fr\/unterricht\/schulbegleithund-am-dfg\/#primaryimage","url":"https:\/\/dfg-lfa.org\/wp-content\/uploads\/b95498af-e593-41c4-838c-575ae6d791ec-1.jpg","contentUrl":"https:\/\/dfg-lfa.org\/wp-content\/uploads\/b95498af-e593-41c4-838c-575ae6d791ec-1.jpg","width":1920,"height":1080,"caption":"Schulbegleithund"},{"@type":"BreadcrumbList","@id":"https:\/\/dfg-lfa.org\/fr\/unterricht\/schulbegleithund-am-dfg\/#breadcrumb","itemListElement":[{"@type":"ListItem","position":1,"name":"Startseite","item":"https:\/\/dfg-lfa.org\/fr\/"},{"@type":"ListItem","position":2,"name":"AGs &#038; Projekte","item":"https:\/\/dfg-lfa.org\/fr\/unterricht\/"},{"@type":"ListItem","position":3,"name":"Schulbegleithund am DFG"}]},{"@type":"WebSite","@id":"https:\/\/dfg-lfa.org\/fr\/#website","url":"https:\/\/dfg-lfa.org\/fr\/","name":"Lyc\u00e9e Franco-Allemand de Sarrebruck","description":"Einander begegnen \u2013 Avancer ensemble \u2013 We make Europe happen","publisher":{"@id":"https:\/\/dfg-lfa.org\/fr\/#organization"},"potentialAction":[{"@type":"SearchAction","target":{"@type":"EntryPoint","urlTemplate":"https:\/\/dfg-lfa.org\/fr\/?s={search_term_string}"},"query-input":{"@type":"PropertyValueSpecification","valueRequired":true,"valueName":"search_term_string"}}],"inLanguage":"fr-FR"},{"@type":"Organization","@id":"https:\/\/dfg-lfa.org\/fr\/#organization","name":"Deutsch-Franz\u00f6sisches Gymnasium Saarbr\u00fccken","url":"https:\/\/dfg-lfa.org\/fr\/","logo":{"@type":"ImageObject","inLanguage":"fr-FR","@id":"https:\/\/dfg-lfa.org\/fr\/#\/schema\/logo\/image\/","url":"https:\/\/dfg-lfa.org\/wp-content\/uploads\/DFG-logo.png","contentUrl":"https:\/\/dfg-lfa.org\/wp-content\/uploads\/DFG-logo.png","width":200,"height":77,"caption":"Deutsch-Franz\u00f6sisches Gymnasium Saarbr\u00fccken"},"image":{"@id":"https:\/\/dfg-lfa.org\/fr\/#\/schema\/logo\/image\/"},"sameAs":["https:\/\/www.facebook.com\/dfglfa\/","https:\/\/x.com\/DFGLFA","https:\/\/www.instagram.com\/dfg_lfa_saarbruecken\/","https:\/\/www.youtube.com\/channel\/UCoxV4_gnJ3blV1U7iOjCV7w\/","https:\/\/de.wikipedia.org\/wiki\/Deutsch-Franz\u00f6sisches_Gymnasium_in_Saarbr\u00fccken"]}]}},"_links":{"self":[{"href":"https:\/\/dfg-lfa.org\/fr\/wp-json\/wp\/v2\/pages\/55565","targetHints":{"allow":["GET"]}}],"collection":[{"href":"https:\/\/dfg-lfa.org\/fr\/wp-json\/wp\/v2\/pages"}],"about":[{"href":"https:\/\/dfg-lfa.org\/fr\/wp-json\/wp\/v2\/types\/page"}],"author":[{"embeddable":true,"href":"https:\/\/dfg-lfa.org\/fr\/wp-json\/wp\/v2\/users\/2"}],"replies":[{"embeddable":true,"href":"https:\/\/dfg-lfa.org\/fr\/wp-json\/wp\/v2\/comments?post=55565"}],"version-history":[{"count":14,"href":"https:\/\/dfg-lfa.org\/fr\/wp-json\/wp\/v2\/pages\/55565\/revisions"}],"predecessor-version":[{"id":69016,"href":"https:\/\/dfg-lfa.org\/fr\/wp-json\/wp\/v2\/pages\/55565\/revisions\/69016"}],"up":[{"embeddable":true,"href":"https:\/\/dfg-lfa.org\/fr\/wp-json\/wp\/v2\/pages\/424"}],"wp:featuredmedia":[{"embeddable":true,"href":"https:\/\/dfg-lfa.org\/fr\/wp-json\/wp\/v2\/media\/55422"}],"wp:attachment":[{"href":"https:\/\/dfg-lfa.org\/fr\/wp-json\/wp\/v2\/media?parent=55565"}],"curies":[{"name":"wp","href":"https:\/\/api.w.org\/{rel}","templated":true}]}}